{"id":25589,"date":"2020-10-07T07:59:03","date_gmt":"2020-10-07T07:59:03","guid":{"rendered":"https:\/\/nexuscharter.com\/a-propos-de-nous\/"},"modified":"2023-09-15T06:03:32","modified_gmt":"2023-09-15T06:03:32","slug":"about","status":"publish","type":"page","link":"https:\/\/nexuscharter.com\/fr\/about\/","title":{"rendered":"\u00c0 propos"},"content":{"rendered":"\t\t<div data-elementor-type=\"wp-page\" data-elementor-id=\"25589\" class=\"elementor elementor-25589 elementor-104\">\n\t\t\t\t\t\t<section class=\"elementor-section elementor-top-section elementor-element elementor-element-e4da839 elementor-section-boxed elementor-section-height-default elementor-section-height-default\" data-id=\"e4da839\" data-element_type=\"section\" data-e-type=\"section\" data-settings=\"{&quot;background_background&quot;:&quot;classic&quot;}\">\n\t\t\t\t\t\t<div class=\"elementor-container elementor-column-gap-no\">\n\t\t\t\t\t<div class=\"elementor-column elementor-col-50 elementor-top-column elementor-element elementor-element-912da5c\" data-id=\"912da5c\" data-element_type=\"column\" data-e-type=\"column\">\n\t\t\t<div class=\"elementor-widget-wrap elementor-element-populated\">\n\t\t\t\t\t\t<div class=\"elementor-element elementor-element-fda81b1 elementor-widget elementor-widget-image\" data-id=\"fda81b1\" data-element_type=\"widget\" data-e-type=\"widget\" data-widget_type=\"image.default\">\n\t\t\t\t<div class=\"elementor-widget-container\">\n\t\t\t\t\t\t\t\t\t\t\t\t\t\t\t<img fetchpriority=\"high\" decoding=\"async\" width=\"1024\" height=\"768\" src=\"https:\/\/nexuscharter.com\/wp-content\/uploads\/2023\/09\/sigmund-q6E_ItuUSec-unsplash-1024x768.jpg\" class=\"attachment-large size-large wp-image-25497\" alt=\"Nexus &amp; Charter - an international law firm\" srcset=\"https:\/\/nexuscharter.com\/wp-content\/uploads\/2023\/09\/sigmund-q6E_ItuUSec-unsplash-1024x768.jpg 1024w, https:\/\/nexuscharter.com\/wp-content\/uploads\/2023\/09\/sigmund-q6E_ItuUSec-unsplash-300x225.jpg 300w, https:\/\/nexuscharter.com\/wp-content\/uploads\/2023\/09\/sigmund-q6E_ItuUSec-unsplash-768x576.jpg 768w, https:\/\/nexuscharter.com\/wp-content\/uploads\/2023\/09\/sigmund-q6E_ItuUSec-unsplash-1536x1152.jpg 1536w, https:\/\/nexuscharter.com\/wp-content\/uploads\/2023\/09\/sigmund-q6E_ItuUSec-unsplash.jpg 1920w\" sizes=\"(max-width: 1024px) 100vw, 1024px\" \/>\t\t\t\t\t\t\t\t\t\t\t\t\t\t\t<\/div>\n\t\t\t\t<\/div>\n\t\t\t\t\t<\/div>\n\t\t<\/div>\n\t\t\t\t<div class=\"elementor-column elementor-col-50 elementor-top-column elementor-element elementor-element-7faec62\" data-id=\"7faec62\" data-element_type=\"column\" data-e-type=\"column\">\n\t\t\t<div class=\"elementor-widget-wrap elementor-element-populated\">\n\t\t\t\t\t\t<div class=\"elementor-element elementor-element-3397876 elementor-invisible elementor-widget elementor-widget-heading\" data-id=\"3397876\" data-element_type=\"widget\" data-e-type=\"widget\" data-settings=\"{&quot;_animation&quot;:&quot;fadeInUp&quot;}\" data-widget_type=\"heading.default\">\n\t\t\t\t<div class=\"elementor-widget-container\">\n\t\t\t\t\t<h3 class=\"elementor-heading-title elementor-size-default\"><span style=\"color:#0398B2\">Nexus &amp; Charter<\/span>, un cabinet d'avocats international en \u00c9gypte<\/h3>\t\t\t\t<\/div>\n\t\t\t\t<\/div>\n\t\t\t\t<div class=\"elementor-element elementor-element-d760573 elementor-invisible elementor-widget elementor-widget-text-editor\" data-id=\"d760573\" data-element_type=\"widget\" data-e-type=\"widget\" data-settings=\"{&quot;_animation&quot;:&quot;fadeInUp&quot;}\" data-widget_type=\"text-editor.default\">\n\t\t\t\t<div class=\"elementor-widget-container\">\n\t\t\t\t\t\t\t\t\t<p class=\"cvGsUA direction-ltr align-start para-style-body\">Nexus &amp; Charter est un cabinet d&rsquo;avocats international dont le si\u00e8ge se trouve en \u00c9gypte et qui b\u00e9n\u00e9ficie d&rsquo;un partenariat \u00e9troit avec des cabinets d&rsquo;avocats au Qatar et en Arabie saoudite, o\u00f9 il est actif dans le domaine de l&rsquo;arbitrage international, de la propri\u00e9t\u00e9 intellectuelle, de l&rsquo;\u00e9tablissement de soci\u00e9t\u00e9s, du droit a\u00e9rien, de l&rsquo;immigration et de la r\u00e9daction de contrats commerciaux internationaux.<\/p>\n<p class=\"cvGsUA direction-ltr align-start para-style-body\">La soci\u00e9t\u00e9 a \u00e9galement une longue exp\u00e9rience des contrats et des litiges FIDIC. les projets de construction. Le cabinet d&rsquo;avocats \u00ab\u00a0N&amp;C\u00a0\u00bb est un type de cabinet sp\u00e9cialis\u00e9 dans la fourniture de services juridiques aux soci\u00e9t\u00e9s et autres entit\u00e9s commerciales.<\/p>\n\t\t\t\t\t\t\t\t<\/div>\n\t\t\t\t<\/div>\n\t\t\t\t\t<\/div>\n\t\t<\/div>\n\t\t\t\t\t<\/div>\n\t\t<\/section>\n\t\t\t\t<section class=\"elementor-section elementor-top-section elementor-element elementor-element-f4dc5ed elementor-section-boxed elementor-section-height-default elementor-section-height-default\" data-id=\"f4dc5ed\" data-element_type=\"section\" data-e-type=\"section\" data-settings=\"{&quot;background_background&quot;:&quot;classic&quot;}\">\n\t\t\t\t\t\t<div class=\"elementor-container elementor-column-gap-no\">\n\t\t\t\t\t<div class=\"elementor-column elementor-col-50 elementor-top-column elementor-element elementor-element-ad80757\" data-id=\"ad80757\" data-element_type=\"column\" data-e-type=\"column\">\n\t\t\t<div class=\"elementor-widget-wrap elementor-element-populated\">\n\t\t\t\t\t\t<div class=\"elementor-element elementor-element-0425ccb elementor-invisible elementor-widget elementor-widget-heading\" data-id=\"0425ccb\" data-element_type=\"widget\" data-e-type=\"widget\" data-settings=\"{&quot;_animation&quot;:&quot;fadeInUp&quot;}\" data-widget_type=\"heading.default\">\n\t\t\t\t<div class=\"elementor-widget-container\">\n\t\t\t\t\t<h3 class=\"elementor-heading-title elementor-size-default\">Repr\u00e9senter les entreprises en phase de d\u00e9marrage,  Petites entreprises et <span style=\"color:#0398B2\">multinationales<\/span><\/h3>\t\t\t\t<\/div>\n\t\t\t\t<\/div>\n\t\t\t\t<div class=\"elementor-element elementor-element-81e03c5 elementor-invisible elementor-widget elementor-widget-text-editor\" data-id=\"81e03c5\" data-element_type=\"widget\" data-e-type=\"widget\" data-settings=\"{&quot;_animation&quot;:&quot;fadeInUp&quot;}\" data-widget_type=\"text-editor.default\">\n\t\t\t\t<div class=\"elementor-widget-container\">\n\t\t\t\t\t\t\t\t\t<p class=\"cvGsUA direction-ltr align-start para-style-body\">La soci\u00e9t\u00e9 dispose d&rsquo;avocats familiaris\u00e9s avec un large \u00e9ventail de domaines juridiques affectant les entreprises, tels que le droit des contrats, le droit des soci\u00e9t\u00e9s, le droit de la propri\u00e9t\u00e9 intellectuelle, le droit du travail, le droit fiscal. Des conseils sont \u00e9galement fournis en mati\u00e8re de composition et d&rsquo;organisation, de r\u00e9daction et de n\u00e9gociation de contrats, ainsi que de fusions et d&rsquo;acquisitions.<\/p>\n<p class=\"cvGsUA direction-ltr align-start para-style-body\">Les associ\u00e9s du bureau de Nexus sont d\u00e9sireux de repr\u00e9senter des startups, des petites entreprises et des multinationales en leur fournissant des conseils juridiques dans des domaines tels que la sant\u00e9, la technologie, la finance et l&rsquo;immobilier.<\/p>\n\t\t\t\t\t\t\t\t<\/div>\n\t\t\t\t<\/div>\n\t\t\t\t\t<\/div>\n\t\t<\/div>\n\t\t\t\t<div class=\"elementor-column elementor-col-50 elementor-top-column elementor-element elementor-element-159ed36\" data-id=\"159ed36\" data-element_type=\"column\" data-e-type=\"column\">\n\t\t\t<div class=\"elementor-widget-wrap elementor-element-populated\">\n\t\t\t\t\t\t<div class=\"elementor-element elementor-element-fb2ec99 elementor-widget elementor-widget-image\" data-id=\"fb2ec99\" data-element_type=\"widget\" data-e-type=\"widget\" data-widget_type=\"image.default\">\n\t\t\t\t<div class=\"elementor-widget-container\">\n\t\t\t\t\t\t\t\t\t\t\t\t\t\t\t<img decoding=\"async\" width=\"1024\" height=\"683\" src=\"https:\/\/nexuscharter.com\/wp-content\/uploads\/2023\/09\/jose-martin-ramirez-carrasco-45sjAjSjArQ-unsplash-1024x683.jpg\" class=\"attachment-large size-large wp-image-25500\" alt=\"Litigation Department -\" srcset=\"https:\/\/nexuscharter.com\/wp-content\/uploads\/2023\/09\/jose-martin-ramirez-carrasco-45sjAjSjArQ-unsplash-1024x683.jpg 1024w, https:\/\/nexuscharter.com\/wp-content\/uploads\/2023\/09\/jose-martin-ramirez-carrasco-45sjAjSjArQ-unsplash-300x200.jpg 300w, https:\/\/nexuscharter.com\/wp-content\/uploads\/2023\/09\/jose-martin-ramirez-carrasco-45sjAjSjArQ-unsplash-768x512.jpg 768w, https:\/\/nexuscharter.com\/wp-content\/uploads\/2023\/09\/jose-martin-ramirez-carrasco-45sjAjSjArQ-unsplash-1536x1024.jpg 1536w, https:\/\/nexuscharter.com\/wp-content\/uploads\/2023\/09\/jose-martin-ramirez-carrasco-45sjAjSjArQ-unsplash.jpg 1920w\" sizes=\"(max-width: 1024px) 100vw, 1024px\" \/>\t\t\t\t\t\t\t\t\t\t\t\t\t\t\t<\/div>\n\t\t\t\t<\/div>\n\t\t\t\t\t<\/div>\n\t\t<\/div>\n\t\t\t\t\t<\/div>\n\t\t<\/section>\n\t\t\t\t<section class=\"elementor-section elementor-top-section elementor-element elementor-element-ec4cf21 elementor-section-boxed elementor-section-height-default elementor-section-height-default\" data-id=\"ec4cf21\" data-element_type=\"section\" data-e-type=\"section\" data-settings=\"{&quot;background_background&quot;:&quot;classic&quot;}\">\n\t\t\t\t\t\t\t<div class=\"elementor-background-overlay\"><\/div>\n\t\t\t\t\t\t\t<div class=\"elementor-container elementor-column-gap-no\">\n\t\t\t\t\t<div class=\"elementor-column elementor-col-100 elementor-top-column elementor-element elementor-element-d418d6c\" data-id=\"d418d6c\" data-element_type=\"column\" data-e-type=\"column\">\n\t\t\t<div class=\"elementor-widget-wrap elementor-element-populated\">\n\t\t\t\t\t\t<section class=\"elementor-section elementor-inner-section elementor-element elementor-element-f89fdf8 elementor-section-boxed elementor-section-height-default elementor-section-height-default\" data-id=\"f89fdf8\" data-element_type=\"section\" data-e-type=\"section\">\n\t\t\t\t\t\t<div class=\"elementor-container elementor-column-gap-no\">\n\t\t\t\t\t<div class=\"elementor-column elementor-col-100 elementor-inner-column elementor-element elementor-element-c18693d\" data-id=\"c18693d\" data-element_type=\"column\" data-e-type=\"column\" data-settings=\"{&quot;background_background&quot;:&quot;classic&quot;}\">\n\t\t\t<div class=\"elementor-widget-wrap elementor-element-populated\">\n\t\t\t\t\t\t<div class=\"elementor-element elementor-element-4bd410e elementor-widget elementor-widget-heading\" data-id=\"4bd410e\" data-element_type=\"widget\" data-e-type=\"widget\" data-widget_type=\"heading.default\">\n\t\t\t\t<div class=\"elementor-widget-container\">\n\t\t\t\t\t<h3 class=\"elementor-heading-title elementor-size-default\">Avocats exp\u00e9riment\u00e9s\n<br>avec un\nR\u00e9putation mondiale<\/h3>\t\t\t\t<\/div>\n\t\t\t\t<\/div>\n\t\t\t\t<div class=\"elementor-element elementor-element-75e449f elementor-widget elementor-widget-wpforms\" data-id=\"75e449f\" data-element_type=\"widget\" data-e-type=\"widget\" data-widget_type=\"wpforms.default\">\n\t\t\t\t<div class=\"elementor-widget-container\">\n\t\t\t\t\t<div class=\"wpforms-container inline-fields\" id=\"wpforms-16\"><form id=\"wpforms-form-16\" class=\"wpforms-validate wpforms-form\" data-formid=\"16\" method=\"post\" enctype=\"multipart\/form-data\" action=\"\/fr\/wp-json\/wp\/v2\/pages\/25589\" data-token=\"0e84c3ed5f15ba2da78f6711784ad932\" data-token-time=\"1777389938\"><noscript class=\"wpforms-error-noscript\">Veuillez activer JavaScript dans votre navigateur pour remplir ce formulaire.<\/noscript><div class=\"wpforms-field-container\"><div id=\"wpforms-16-field_2-container\" class=\"wpforms-field wpforms-field-text\" data-field-id=\"2\"><label class=\"wpforms-field-label wpforms-label-hide\" for=\"wpforms-16-field_2\">Nom <span class=\"wpforms-required-label\">*<\/span><\/label><input type=\"text\" id=\"wpforms-16-field_2\" class=\"wpforms-field-large wpforms-field-required\" name=\"wpforms[fields][2]\" placeholder=\"Nom\" required><\/div><div id=\"wpforms-16-field_3-container\" class=\"wpforms-field wpforms-field-number\" data-field-id=\"3\"><label class=\"wpforms-field-label wpforms-label-hide\" for=\"wpforms-16-field_3\">Num\u00e9ro de t\u00e9l\u00e9phone <span class=\"wpforms-required-label\">*<\/span><\/label><input type=\"number\" id=\"wpforms-16-field_3\" class=\"wpforms-field-large wpforms-field-required\" name=\"wpforms[fields][3]\" placeholder=\"Num\u00e9ro de t\u00e9l\u00e9phone\" step=\"any\" required><\/div><div id=\"wpforms-16-field_1-container\" class=\"wpforms-field wpforms-field-email\" data-field-id=\"1\"><label class=\"wpforms-field-label wpforms-label-hide\" for=\"wpforms-16-field_1\">E-mail <span class=\"wpforms-required-label\">*<\/span><\/label><input type=\"email\" id=\"wpforms-16-field_1\" class=\"wpforms-field-large wpforms-field-required\" name=\"wpforms[fields][1]\" placeholder=\"E-mail\" spellcheck=\"false\" required><\/div><\/div><!-- .wpforms-field-container --><div class=\"wpforms-submit-container\" ><input type=\"hidden\" name=\"wpforms[id]\" value=\"16\"><input type=\"hidden\" name=\"page_title\" value=\"\"><input type=\"hidden\" name=\"page_url\" value=\"https:\/\/nexuscharter.com\/fr\/wp-json\/wp\/v2\/pages\/25589\"><input type=\"hidden\" name=\"url_referer\" value=\"\"><button type=\"submit\" name=\"wpforms[submit]\" id=\"wpforms-submit-16\" class=\"wpforms-submit wpforms-one-thirds wpforms-third\" data-alt-text=\"Traitement..\" data-submit-text=\"Demander un appel\" aria-live=\"assertive\" value=\"wpforms-submit\">Demander un appel<\/button><\/div><\/form><\/div>  <!-- .wpforms-container -->\t\t\t\t<\/div>\n\t\t\t\t<\/div>\n\t\t\t\t\t<\/div>\n\t\t<\/div>\n\t\t\t\t\t<\/div>\n\t\t<\/section>\n\t\t\t\t\t<\/div>\n\t\t<\/div>\n\t\t\t\t\t<\/div>\n\t\t<\/section>\n\t\t\t\t<\/div>\n\t\t","protected":false},"excerpt":{"rendered":"<p>Nexus &amp; Charter, un cabinet d&rsquo;avocats international en \u00c9gypte Nexus &amp; Charter est un cabinet d&rsquo;avocats international dont le si\u00e8ge se trouve en \u00c9gypte et qui b\u00e9n\u00e9ficie d&rsquo;un partenariat \u00e9troit avec des cabinets d&rsquo;avocats au Qatar et en Arabie saoudite, o\u00f9 il est actif dans le domaine de l&rsquo;arbitrage international, de la propri\u00e9t\u00e9 intellectuelle, de [&hellip;]<\/p>\n","protected":false},"author":1,"featured_media":25494,"parent":0,"menu_order":0,"comment_status":"closed","ping_status":"closed","template":"","meta":{"site-sidebar-layout":"no-sidebar","site-content-layout":"page-builder","ast-site-content-layout":"full-width-container","site-content-style":"unboxed","site-sidebar-style":"unboxed","ast-global-header-display":"","ast-banner-title-visibility":"","ast-main-header-display":"","ast-hfb-above-header-display":"","ast-hfb-below-header-display":"","ast-hfb-mobile-header-display":"","site-post-title":"","ast-breadcrumbs-content":"","ast-featured-img":"","footer-sml-layout":"","ast-disable-related-posts":"","theme-transparent-header-meta":"default","adv-header-id-meta":"","stick-header-meta":"default","header-above-stick-meta":"","header-main-stick-meta":"","header-below-stick-meta":"","astra-migrate-meta-layouts":"default","ast-page-background-enabled":"default","ast-page-background-meta":{"desktop":{"background-color":"","background-image":"","background-repeat":"repeat","background-position":"center center","background-size":"auto","background-attachment":"scroll","background-type":"","background-media":"","overlay-type":"","overlay-color":"","overlay-opacity":"","overlay-gradient":""},"tablet":{"background-color":"","background-image":"","background-repeat":"repeat","background-position":"center center","background-size":"auto","background-attachment":"scroll","background-type":"","background-media":"","overlay-type":"","overlay-color":"","overlay-opacity":"","overlay-gradient":""},"mobile":{"background-color":"","background-image":"","background-repeat":"repeat","background-position":"center center","background-size":"auto","background-attachment":"scroll","background-type":"","background-media":"","overlay-type":"","overlay-color":"","overlay-opacity":"","overlay-gradient":""}},"ast-content-background-meta":{"desktop":{"background-color":"var(--ast-global-color-5)","background-image":"","background-repeat":"repeat","background-position":"center center","background-size":"auto","background-attachment":"scroll","background-type":"","background-media":"","overlay-type":"","overlay-color":"","overlay-opacity":"","overlay-gradient":""},"tablet":{"background-color":"var(--ast-global-color-5)","background-image":"","background-repeat":"repeat","background-position":"center center","background-size":"auto","background-attachment":"scroll","background-type":"","background-media":"","overlay-type":"","overlay-color":"","overlay-opacity":"","overlay-gradient":""},"mobile":{"background-color":"var(--ast-global-color-5)","background-image":"","background-repeat":"repeat","background-position":"center center","background-size":"auto","background-attachment":"scroll","background-type":"","background-media":"","overlay-type":"","overlay-color":"","overlay-opacity":"","overlay-gradient":""}},"footnotes":""},"class_list":["post-25589","page","type-page","status-publish","has-post-thumbnail","hentry"],"yoast_head":"<!-- This site is optimized with the Yoast SEO Premium plugin v26.2 (Yoast SEO v26.2) - https:\/\/yoast.com\/wordpress\/plugins\/seo\/ -->\n<title>\u00c0 propos | Nexus &amp; Charter<\/title>\n<meta name=\"robots\" content=\"index, follow, max-snippet:-1, max-image-preview:large, max-video-preview:-1\" \/>\n<link rel=\"canonical\" href=\"https:\/\/nexuscharter.com\/fr\/about\/\" \/>\n<meta property=\"og:locale\" content=\"fr_FR\" \/>\n<meta property=\"og:type\" content=\"article\" \/>\n<meta property=\"og:title\" content=\"\u00c0 propos\" \/>\n<meta property=\"og:description\" content=\"Nexus &amp; Charter, un cabinet d&rsquo;avocats international en \u00c9gypte Nexus &amp; Charter est un cabinet d&rsquo;avocats international dont le si\u00e8ge se trouve en \u00c9gypte et qui b\u00e9n\u00e9ficie d&rsquo;un partenariat \u00e9troit avec des cabinets d&rsquo;avocats au Qatar et en Arabie saoudite, o\u00f9 il est actif dans le domaine de l&rsquo;arbitrage international, de la propri\u00e9t\u00e9 intellectuelle, de [&hellip;]\" \/>\n<meta property=\"og:url\" content=\"https:\/\/nexuscharter.com\/fr\/about\/\" \/>\n<meta property=\"og:site_name\" content=\"Nexus &amp; Charter\" \/>\n<meta property=\"article:publisher\" content=\"https:\/\/www.facebook.com\/profile.php?id=100089068573834\" \/>\n<meta property=\"article:modified_time\" content=\"2023-09-15T06:03:32+00:00\" \/>\n<meta property=\"og:image\" content=\"https:\/\/nexuscharter.com\/wp-content\/uploads\/2023\/09\/patrik-gothe-xiTFENI0dMY-unsplash.jpg\" \/>\n\t<meta property=\"og:image:width\" content=\"1920\" \/>\n\t<meta property=\"og:image:height\" content=\"1275\" \/>\n\t<meta property=\"og:image:type\" content=\"image\/jpeg\" \/>\n<meta name=\"twitter:card\" content=\"summary_large_image\" \/>\n<meta name=\"twitter:site\" content=\"@nexus_charter\" \/>\n<meta name=\"twitter:label1\" content=\"Dur\u00e9e de lecture estim\u00e9e\" \/>\n\t<meta name=\"twitter:data1\" content=\"1 minute\" \/>\n<script type=\"application\/ld+json\" class=\"yoast-schema-graph\">{\"@context\":\"https:\/\/schema.org\",\"@graph\":[{\"@type\":\"WebPage\",\"@id\":\"https:\/\/nexuscharter.com\/fr\/about\/\",\"url\":\"https:\/\/nexuscharter.com\/fr\/about\/\",\"name\":\"\u00c0 propos | Nexus &amp; Charter\",\"isPartOf\":{\"@id\":\"https:\/\/nexuscharter.com\/#website\"},\"primaryImageOfPage\":{\"@id\":\"https:\/\/nexuscharter.com\/fr\/about\/#primaryimage\"},\"image\":{\"@id\":\"https:\/\/nexuscharter.com\/fr\/about\/#primaryimage\"},\"thumbnailUrl\":\"https:\/\/nexuscharter.com\/wp-content\/uploads\/2023\/09\/patrik-gothe-xiTFENI0dMY-unsplash.jpg\",\"datePublished\":\"2020-10-07T07:59:03+00:00\",\"dateModified\":\"2023-09-15T06:03:32+00:00\",\"breadcrumb\":{\"@id\":\"https:\/\/nexuscharter.com\/fr\/about\/#breadcrumb\"},\"inLanguage\":\"fr-FR\",\"potentialAction\":[{\"@type\":\"ReadAction\",\"target\":[\"https:\/\/nexuscharter.com\/fr\/about\/\"]}]},{\"@type\":\"ImageObject\",\"inLanguage\":\"fr-FR\",\"@id\":\"https:\/\/nexuscharter.com\/fr\/about\/#primaryimage\",\"url\":\"https:\/\/nexuscharter.com\/wp-content\/uploads\/2023\/09\/patrik-gothe-xiTFENI0dMY-unsplash.jpg\",\"contentUrl\":\"https:\/\/nexuscharter.com\/wp-content\/uploads\/2023\/09\/patrik-gothe-xiTFENI0dMY-unsplash.jpg\",\"width\":1920,\"height\":1275,\"caption\":\"Nexus & Charter is an international law firm\"},{\"@type\":\"BreadcrumbList\",\"@id\":\"https:\/\/nexuscharter.com\/fr\/about\/#breadcrumb\",\"itemListElement\":[{\"@type\":\"ListItem\",\"position\":1,\"name\":\"Home\",\"item\":\"https:\/\/nexuscharter.com\/fr\/\"},{\"@type\":\"ListItem\",\"position\":2,\"name\":\"\u00c0 propos\"}]},{\"@type\":\"WebSite\",\"@id\":\"https:\/\/nexuscharter.com\/#website\",\"url\":\"https:\/\/nexuscharter.com\/\",\"name\":\"Nexus & Charter\",\"description\":\"International Law Firm in Egypt\",\"publisher\":{\"@id\":\"https:\/\/nexuscharter.com\/#organization\"},\"potentialAction\":[{\"@type\":\"SearchAction\",\"target\":{\"@type\":\"EntryPoint\",\"urlTemplate\":\"https:\/\/nexuscharter.com\/?s={search_term_string}\"},\"query-input\":{\"@type\":\"PropertyValueSpecification\",\"valueRequired\":true,\"valueName\":\"search_term_string\"}}],\"inLanguage\":\"fr-FR\"},{\"@type\":\"Organization\",\"@id\":\"https:\/\/nexuscharter.com\/#organization\",\"name\":\"Nexus & Charter\",\"url\":\"https:\/\/nexuscharter.com\/\",\"logo\":{\"@type\":\"ImageObject\",\"inLanguage\":\"fr-FR\",\"@id\":\"https:\/\/nexuscharter.com\/#\/schema\/logo\/image\/\",\"url\":\"https:\/\/nexuscharter.com\/wp-content\/uploads\/2023\/10\/d598f36b-2f36-40f1-b606-34c349122efc.jpg\",\"contentUrl\":\"https:\/\/nexuscharter.com\/wp-content\/uploads\/2023\/10\/d598f36b-2f36-40f1-b606-34c349122efc.jpg\",\"width\":1280,\"height\":1279,\"caption\":\"Nexus & Charter\"},\"image\":{\"@id\":\"https:\/\/nexuscharter.com\/#\/schema\/logo\/image\/\"},\"sameAs\":[\"https:\/\/www.facebook.com\/profile.php?id=100089068573834\",\"https:\/\/x.com\/nexus_charter\",\"https:\/\/www.linkedin.com\/company\/nexus-charter-law-firm\/\"]}]}<\/script>\n<!-- \/ Yoast SEO Premium plugin. -->","yoast_head_json":{"title":"\u00c0 propos | Nexus &amp; Charter","robots":{"index":"index","follow":"follow","max-snippet":"max-snippet:-1","max-image-preview":"max-image-preview:large","max-video-preview":"max-video-preview:-1"},"canonical":"https:\/\/nexuscharter.com\/fr\/about\/","og_locale":"fr_FR","og_type":"article","og_title":"\u00c0 propos","og_description":"Nexus &amp; Charter, un cabinet d&rsquo;avocats international en \u00c9gypte Nexus &amp; Charter est un cabinet d&rsquo;avocats international dont le si\u00e8ge se trouve en \u00c9gypte et qui b\u00e9n\u00e9ficie d&rsquo;un partenariat \u00e9troit avec des cabinets d&rsquo;avocats au Qatar et en Arabie saoudite, o\u00f9 il est actif dans le domaine de l&rsquo;arbitrage international, de la propri\u00e9t\u00e9 intellectuelle, de [&hellip;]","og_url":"https:\/\/nexuscharter.com\/fr\/about\/","og_site_name":"Nexus &amp; Charter","article_publisher":"https:\/\/www.facebook.com\/profile.php?id=100089068573834","article_modified_time":"2023-09-15T06:03:32+00:00","og_image":[{"width":1920,"height":1275,"url":"https:\/\/nexuscharter.com\/wp-content\/uploads\/2023\/09\/patrik-gothe-xiTFENI0dMY-unsplash.jpg","type":"image\/jpeg"}],"twitter_card":"summary_large_image","twitter_site":"@nexus_charter","twitter_misc":{"Dur\u00e9e de lecture estim\u00e9e":"1 minute"},"schema":{"@context":"https:\/\/schema.org","@graph":[{"@type":"WebPage","@id":"https:\/\/nexuscharter.com\/fr\/about\/","url":"https:\/\/nexuscharter.com\/fr\/about\/","name":"\u00c0 propos | Nexus &amp; Charter","isPartOf":{"@id":"https:\/\/nexuscharter.com\/#website"},"primaryImageOfPage":{"@id":"https:\/\/nexuscharter.com\/fr\/about\/#primaryimage"},"image":{"@id":"https:\/\/nexuscharter.com\/fr\/about\/#primaryimage"},"thumbnailUrl":"https:\/\/nexuscharter.com\/wp-content\/uploads\/2023\/09\/patrik-gothe-xiTFENI0dMY-unsplash.jpg","datePublished":"2020-10-07T07:59:03+00:00","dateModified":"2023-09-15T06:03:32+00:00","breadcrumb":{"@id":"https:\/\/nexuscharter.com\/fr\/about\/#breadcrumb"},"inLanguage":"fr-FR","potentialAction":[{"@type":"ReadAction","target":["https:\/\/nexuscharter.com\/fr\/about\/"]}]},{"@type":"ImageObject","inLanguage":"fr-FR","@id":"https:\/\/nexuscharter.com\/fr\/about\/#primaryimage","url":"https:\/\/nexuscharter.com\/wp-content\/uploads\/2023\/09\/patrik-gothe-xiTFENI0dMY-unsplash.jpg","contentUrl":"https:\/\/nexuscharter.com\/wp-content\/uploads\/2023\/09\/patrik-gothe-xiTFENI0dMY-unsplash.jpg","width":1920,"height":1275,"caption":"Nexus & Charter is an international law firm"},{"@type":"BreadcrumbList","@id":"https:\/\/nexuscharter.com\/fr\/about\/#breadcrumb","itemListElement":[{"@type":"ListItem","position":1,"name":"Home","item":"https:\/\/nexuscharter.com\/fr\/"},{"@type":"ListItem","position":2,"name":"\u00c0 propos"}]},{"@type":"WebSite","@id":"https:\/\/nexuscharter.com\/#website","url":"https:\/\/nexuscharter.com\/","name":"Nexus & Charter","description":"International Law Firm in Egypt","publisher":{"@id":"https:\/\/nexuscharter.com\/#organization"},"potentialAction":[{"@type":"SearchAction","target":{"@type":"EntryPoint","urlTemplate":"https:\/\/nexuscharter.com\/?s={search_term_string}"},"query-input":{"@type":"PropertyValueSpecification","valueRequired":true,"valueName":"search_term_string"}}],"inLanguage":"fr-FR"},{"@type":"Organization","@id":"https:\/\/nexuscharter.com\/#organization","name":"Nexus & Charter","url":"https:\/\/nexuscharter.com\/","logo":{"@type":"ImageObject","inLanguage":"fr-FR","@id":"https:\/\/nexuscharter.com\/#\/schema\/logo\/image\/","url":"https:\/\/nexuscharter.com\/wp-content\/uploads\/2023\/10\/d598f36b-2f36-40f1-b606-34c349122efc.jpg","contentUrl":"https:\/\/nexuscharter.com\/wp-content\/uploads\/2023\/10\/d598f36b-2f36-40f1-b606-34c349122efc.jpg","width":1280,"height":1279,"caption":"Nexus & Charter"},"image":{"@id":"https:\/\/nexuscharter.com\/#\/schema\/logo\/image\/"},"sameAs":["https:\/\/www.facebook.com\/profile.php?id=100089068573834","https:\/\/x.com\/nexus_charter","https:\/\/www.linkedin.com\/company\/nexus-charter-law-firm\/"]}]}},"_links":{"self":[{"href":"https:\/\/nexuscharter.com\/fr\/wp-json\/wp\/v2\/pages\/25589","targetHints":{"allow":["GET"]}}],"collection":[{"href":"https:\/\/nexuscharter.com\/fr\/wp-json\/wp\/v2\/pages"}],"about":[{"href":"https:\/\/nexuscharter.com\/fr\/wp-json\/wp\/v2\/types\/page"}],"author":[{"embeddable":true,"href":"https:\/\/nexuscharter.com\/fr\/wp-json\/wp\/v2\/users\/1"}],"replies":[{"embeddable":true,"href":"https:\/\/nexuscharter.com\/fr\/wp-json\/wp\/v2\/comments?post=25589"}],"version-history":[{"count":6,"href":"https:\/\/nexuscharter.com\/fr\/wp-json\/wp\/v2\/pages\/25589\/revisions"}],"predecessor-version":[{"id":25975,"href":"https:\/\/nexuscharter.com\/fr\/wp-json\/wp\/v2\/pages\/25589\/revisions\/25975"}],"wp:featuredmedia":[{"embeddable":true,"href":"https:\/\/nexuscharter.com\/fr\/wp-json\/wp\/v2\/media\/25494"}],"wp:attachment":[{"href":"https:\/\/nexuscharter.com\/fr\/wp-json\/wp\/v2\/media?parent=25589"}],"curies":[{"name":"wp","href":"https:\/\/api.w.org\/{rel}","templated":true}]}}